{"id":3376,"date":"2023-05-07T19:52:33","date_gmt":"2023-05-07T19:52:33","guid":{"rendered":"https:\/\/kbdzik.pl\/?page_id=3376"},"modified":"2024-04-18T16:10:19","modified_gmt":"2024-04-18T16:10:19","slug":"regulamin","status":"publish","type":"page","link":"https:\/\/kbdzik.pl\/?page_id=3376","title":{"rendered":"REGULAMIN"},"content":{"rendered":"\n<p class=\"has-text-align-center\">II edycja biegu ,,<strong>3 MILE DWUNASTKI<\/strong>\u201d<\/p>\n\n\n\n<p class=\"has-text-align-center\"><strong>Szczecin &#8211; 11.05.2024 r.<\/strong><\/p>\n\n\n\n<ol class=\"wp-block-list\">\n<li><strong>ORGANIZATOR<\/strong><\/li>\n<\/ol>\n\n\n\n<ul class=\"wp-block-list\">\n<li>12 Brygada Zmechanizowana Szczecin, Choszczno i Stargard .<\/li>\n\n\n\n<li>Wsparcie organizacyjne &#8211; Stowarzyszenie Klub Biegowy \u201eDzik\u201d Police<\/li>\n<\/ul>\n\n\n\n<ol class=\"wp-block-list\" start=\"2\">\n<li><strong>TERMIN I MIEJSCE<\/strong><\/li>\n<\/ol>\n\n\n\n<p>Zawody odb\u0119d\u0105 si\u0119 <strong>11 maja 2024 r.<\/strong> w m. <strong>Szczecin<\/strong>, woj. Zachodniopomorskie, Strzelnica Garnizonowa Krzekowo w Szczecinie, ul. Szeroka 70<\/p>\n\n\n\n<p><strong>START i META \u2013 Strzelnica Krzekowo, ul. Szeroka 70<\/strong><\/p>\n\n\n\n<p><strong>START OPEN &#8211; godz. 11.00 w dniu 11.05.2024 r<\/strong>.<\/p>\n\n\n\n<ol class=\"wp-block-list\" start=\"3\">\n<li><strong>TRASA<\/strong><\/li>\n<\/ol>\n\n\n\n<p><strong>DYSTANS 3 mile (4 km i 828 metr\u00f3w)<\/strong>.<\/p>\n\n\n\n<p><strong>Trasa<\/strong>: drogi polne, piasek, podbiegi i zbiegi, betonowe i piaszczyste odcinki, udeptane \u015bcie\u017cki, drogi le\u015bne.<\/p>\n\n\n\n<ol class=\"wp-block-list\" start=\"4\">\n<li><strong>PROGRAM SZCZEG\u00d3\u0141OWY<\/strong><\/li>\n<\/ol>\n\n\n\n<p>08.55 &#8211; otwarcie biura zawod\u00f3w (Pierwszy budynek po prawej od wej\u015bcia na obiekt Strzelnicy).<\/p>\n\n\n\n<p>09.00 &#8211; 10.40 &#8211; wydawanie pakiet\u00f3w startowych.<\/p>\n\n\n\n<p>10.40 &#8211; Zamkni\u0119cie listy startowej biegu.<\/p>\n\n\n\n<p>10.45 &#8211; Odprawa Techniczna uczestnik\u00f3w biegu \u2013 na starcie biegu.<\/p>\n\n\n\n<p>11.00 &#8211; Start g\u0142\u00f3wny OPEN.<\/p>\n\n\n\n<p>12.00 &#8211; Zako\u0144czenie biegu.<\/p>\n\n\n\n<p>13.00 \u2013 Dekoracja zwyci\u0119zc\u00f3w<\/p>\n\n\n\n<p>13.00 &#8211; Zamkni\u0119cie biura zawod\u00f3w.<\/p>\n\n\n\n<ol class=\"wp-block-list\" start=\"5\">\n<li><strong>UCZESTNICTWO<\/strong><\/li>\n<\/ol>\n\n\n\n<p><strong>W biegu mog\u0105 uczestniczy\u0107 maksymalnie 100 zawodnik\u00f3w, z ka\u017cdej bezpo\u015brednio podleg\u0142ej D-cy 12 BZ batalion\u00f3w i kompani zarezerwowane zostaje minimum 50 miejsc startowych<\/strong>, kt\u00f3re:<\/p>\n\n\n\n<ul class=\"wp-block-list\">\n<li><strong>uczestnicy biegu musz\u0105 mie\u0107 uko\u0144czone 16 lat, wi\u0119c wszyscy urodzeni od 11 maja 2008 roku i starsi mog\u0105 uczestniczy\u0107 w zawodach,&nbsp;( uwaga uczestnicy mi\u0119dzy 16-17 rokiem \u017cycia -zwany zawodnikiem, musz\u0105 posiada\u0107 w biurze zawod\u00f3w o\u015bwiadczenie od opiekuna prawnego ze zgod\u0105 na start w drugim biegu \u201e3 Mil Dwunastki\u201d w dniu 11.05.2024 roku),&nbsp;<\/strong><\/li>\n\n\n\n<li><strong>do dnia 26.04.2023 r., godz. 23:59 dokonaj\u0105 zg\u0142oszenia elektronicznego za pomoc\u0105 platformy rejestracyjnej na <a href=\"http:\/\/www.kbdzik.pl\">www.kbdzik.pl<\/a> \u2013 3 Mile Dwunastki, nale\u017cy poda\u0107:<\/strong>\n<ul class=\"wp-block-list\">\n<li><strong>imi\u0119 i nazwisko<\/strong>,<\/li>\n\n\n\n<li><strong>rok urodzenia<\/strong>,<strong> zaznaczy\u0107<\/strong> <strong>p\u0142e\u0107 <\/strong>( M \/ K )<\/li>\n\n\n\n<li><strong>50 miejsc dla zawodnik\u00f3w \/ go\u015bci podajemy:<\/strong> nazw\u0119 klubu \/ dru\u017cyny,<\/li>\n\n\n\n<li><strong>50 miejsc \u017co\u0142nierzom 12BZ<\/strong> podaj\u0105cym: nazw\u0119 batalionu lub kompani (np. bdow, Itd.)<\/li>\n\n\n\n<li><strong>email i nr telefonu<\/strong><\/li>\n\n\n\n<li><strong>rozmiar koszulki <\/strong>\u2013 do wyboru w panelu<\/li>\n<\/ul>\n<\/li>\n<\/ul>\n\n\n\n<ol class=\"wp-block-list\" start=\"6\">\n<li><strong>OP\u0141ATY i PAKIET STARTOWY<\/strong><\/li>\n<\/ol>\n\n\n\n<p>W roku 2024 z okazji startu w biegu start jest bezp\u0142atny.<\/p>\n\n\n\n<p>Wszyscy zawodnicy (limit \u0142\u0105cznie 100 biegaczy i biegaczek) zarejestrowani do 26.05.br., otrzymaj\u0105 koszulki  techniczne oraz medale odlewane 12BZ na mecie &#8211; PROSIMY O ZDECYDOWANY START ORAZ PRZYBYCIE NA ZAWODY, PONIEWA\u017b NIE STARTUJ\u0104\u0106 ODBIERAMY MO\u017bLIWO\u015a\u0106 BEZP\u0141ATNEGO STARTU INNEJ OSOBIE.<\/p>\n\n\n\n<ol class=\"wp-block-list\" start=\"7\">\n<li><strong>BEZPIECZE\u0143STWO I ZASADY ZACHOWANIA UCZESTNIK\u00d3W<\/strong><\/li>\n<\/ol>\n\n\n\n<ul class=\"wp-block-list\">\n<li>Wszyscy zawodnicy musz\u0105 zosta\u0107 zweryfikowani w biurze zawod\u00f3w. Ka\u017cdy z uczestnik\u00f3w musi posiada\u0107 legitymacj\u0119 s\u0142u\u017cbow\u0105 ( w przypadku go\u015bci legitymacj\u0119 szkoln\u0105, studenck\u0105 lub dow\u00f3d osobisty) oraz aktualne badania wa\u017cne minimum do 11.05.br. lub podpisz\u0105 o\u015bwiadczenie o przeciwskazaniu na uprawianie sportu w biurze zawod\u00f3w.<\/li>\n\n\n\n<li>Uczestnicy zawod\u00f3w zobowi\u0105zani s\u0105 do stosowania si\u0119 do polece\u0144 wydawanych przez S\u0119dziego G\u0142\u00f3wnego Zawod\u00f3w oraz s\u0119dzi\u00f3w na trasie biegu.<\/li>\n\n\n\n<li>W czasie biegu zawodnicy zobowi\u0105zani s\u0105 do poruszania si\u0119 tylko i wy\u0142\u0105cznie po wyznaczonej trasie, zej\u015bcie i pokonanie odcinka trasy poza wyznaczonym obszarem skutkowa\u0107 b\u0119dzie dyskwalifikacj\u0105.<\/li>\n\n\n\n<li>Nieprzestrzeganie zasad bezpiecze\u0144stwa b\u0119dzie skutkowa\u0142o natychmiastow\u0105 dyskwalifikacj\u0105.<\/li>\n<\/ul>\n\n\n\n<ol class=\"wp-block-list\" start=\"8\">\n<li><strong>POMIAR CZASU<\/strong><\/li>\n<\/ol>\n\n\n\n<p>W biegu pomiar czasu b\u0119dzie przeprowadzony przez S\u0119dzi\u00f3w Startowych za pomoc\u0105 stoper\u00f3w r\u0119cznych z wydrukiem, wprowadzone wyniki zostan\u0105 do bazy maksymalnie 48h po uko\u0144czeniu biegu.<\/p>\n\n\n\n<ol class=\"wp-block-list\" start=\"9\">\n<li><strong>POSTANOWIENIA KO\u0143COWE<\/strong><\/li>\n<\/ol>\n\n\n\n<ul class=\"wp-block-list\">\n<li>Zawody odb\u0119d\u0105 si\u0119 bez wzgl\u0119du na warunki atmosferyczne.<\/li>\n\n\n\n<li>Organizator zapewnia udzielenie podstawowej pomocy medycznej. W przypadku uraz\u00f3w z\u0142o\u017conych pomoc b\u0119dzie udzielana zgodnie z przepisami NFZ.<\/li>\n\n\n\n<li>Wszystkie zmiany w regulaminie oraz przebiegu zawod\u00f3w zostaje w mocy organizatora, z mo\u017cliwo\u015bci\u0105 nanoszenia zmian w regulaminie i ich poprawy.<\/li>\n<\/ul>\n\n\n\n<p><\/p>\n\n\n\n<p class=\"has-text-align-right\">Z powa\u017caniem Organizatorzy<\/p>\n\n\n\n<p class=\"has-text-align-right\">12 Brygada Zmechanizowana Szczecin, Stargard i Choszczno.<\/p>\n","protected":false},"excerpt":{"rendered":"<p>II edycja biegu ,,3 MILE DWUNASTKI\u201d Szczecin &#8211; 11.05.2024 r. Zawody odb\u0119d\u0105 si\u0119 11 maja 2024 r. w m. Szczecin, woj. Zachodniopomorskie, Strzelnica Garnizonowa Krzekowo w Szczecinie, ul. Szeroka 70 START i META \u2013 Strzelnica Krzekowo, ul. Szeroka 70 START OPEN &#8211; godz. 11.00 w dniu 11.05.2024 r. DYSTANS 3 mile (4 km i 828 [&hellip;]<\/p>\n","protected":false},"author":1,"featured_media":0,"parent":3374,"menu_order":0,"comment_status":"closed","ping_status":"closed","template":"","meta":{"footnotes":""},"class_list":["post-3376","page","type-page","status-publish","hentry"],"_links":{"self":[{"href":"https:\/\/kbdzik.pl\/index.php?rest_route=\/wp\/v2\/pages\/3376","targetHints":{"allow":["GET"]}}],"collection":[{"href":"https:\/\/kbdzik.pl\/index.php?rest_route=\/wp\/v2\/pages"}],"about":[{"href":"https:\/\/kbdzik.pl\/index.php?rest_route=\/wp\/v2\/types\/page"}],"author":[{"embeddable":true,"href":"https:\/\/kbdzik.pl\/index.php?rest_route=\/wp\/v2\/users\/1"}],"replies":[{"embeddable":true,"href":"https:\/\/kbdzik.pl\/index.php?rest_route=%2Fwp%2Fv2%2Fcomments&post=3376"}],"version-history":[{"count":8,"href":"https:\/\/kbdzik.pl\/index.php?rest_route=\/wp\/v2\/pages\/3376\/revisions"}],"predecessor-version":[{"id":3435,"href":"https:\/\/kbdzik.pl\/index.php?rest_route=\/wp\/v2\/pages\/3376\/revisions\/3435"}],"up":[{"embeddable":true,"href":"https:\/\/kbdzik.pl\/index.php?rest_route=\/wp\/v2\/pages\/3374"}],"wp:attachment":[{"href":"https:\/\/kbdzik.pl\/index.php?rest_route=%2Fwp%2Fv2%2Fmedia&parent=3376"}],"curies":[{"name":"wp","href":"https:\/\/api.w.org\/{rel}","templated":true}]}}