{"id":3392,"date":"2023-05-22T15:52:00","date_gmt":"2023-05-22T15:52:00","guid":{"rendered":"https:\/\/kbdzik.pl\/?page_id=3392"},"modified":"2024-05-16T12:01:41","modified_gmt":"2024-05-16T12:01:41","slug":"wyniki","status":"publish","type":"page","link":"https:\/\/kbdzik.pl\/?page_id=3392","title":{"rendered":"Wyniki &#8211; 3 Mile Dwunastki 2024"},"content":{"rendered":"\n<h3 class=\"wp-block-heading\">M\u0119\u017cczy\u017ani<\/h3>\n\n\n\n<figure class=\"wp-block-table\"><table><tbody><tr><td>Miejsce<\/td><td>Imi\u0119<\/td><td>Nazwisko<\/td><td>Czas<\/td><\/tr><tr><td>1<\/td><td>Mieszko<\/td><td>Szyczma\u0144ski<\/td><td>18:33<\/td><\/tr><tr><td>2<\/td><td>Karol<\/td><td>G\u00f3reczny<\/td><td>18:46<\/td><\/tr><tr><td>3<\/td><td>Artur<\/td><td>Zygo\u0144<\/td><td>19:04<\/td><\/tr><tr><td>4<\/td><td>Przemys\u0142aw<\/td><td>Tirtz<\/td><td>19:13<\/td><\/tr><tr><td>5<\/td><td>Adrian<\/td><td>Waszak<\/td><td>20:37<\/td><\/tr><tr><td>6<\/td><td>Mariusz<\/td><td>Lipi\u0144ski<\/td><td>20:55<\/td><\/tr><tr><td>7<\/td><td>Krzysztof<\/td><td>Prociak<\/td><td>20:57<\/td><\/tr><tr><td>8<\/td><td>Jaros\u0142aw<\/td><td>Majka<\/td><td>21:17<\/td><\/tr><tr><td>9<\/td><td>Rafa\u0142<\/td><td>Tomaszewski<\/td><td>21:18<\/td><\/tr><tr><td>10<\/td><td>Marcin<\/td><td>Krze\u015bniowski<\/td><td>21:30<\/td><\/tr><tr><td>11<\/td><td>Tomasz<\/td><td>Saran<\/td><td>21:31<\/td><\/tr><tr><td>12<\/td><td>Micha\u0142<\/td><td>Drozd<\/td><td>21:32<\/td><\/tr><tr><td>13<\/td><td>Rados\u0142aw<\/td><td>Brzezi\u0144ski<\/td><td>21:40<\/td><\/tr><tr><td>14<\/td><td>Arkadiusz<\/td><td>Jasi\u0144ski<\/td><td>21:41<\/td><\/tr><tr><td>15<\/td><td>Janusz<\/td><td>Warzuchowski<\/td><td>21:43<\/td><\/tr><tr><td>16<\/td><td>Dawid<\/td><td>Haraszczuk<\/td><td>21:45<\/td><\/tr><tr><td>17<\/td><td>Mariusz<\/td><td>Bardyga<\/td><td>21:47<\/td><\/tr><tr><td>18<\/td><td>Daniel<\/td><td>Adamowicz<\/td><td>21:55<\/td><\/tr><tr><td>19<\/td><td>6<\/td><td>6<\/td><td>21:55<\/td><\/tr><tr><td>20<\/td><td>Rafa\u0142<\/td><td>Ko\u0142odziejczyk<\/td><td>22:04<\/td><\/tr><tr><td>21<\/td><td>Krzysztof<\/td><td>Roman<\/td><td>22:12<\/td><\/tr><tr><td>22<\/td><td>Piotr<\/td><td>Jankowski<\/td><td>22:50<\/td><\/tr><tr><td>23<\/td><td>Piotr<\/td><td>Lewandowski<\/td><td>22:54<\/td><\/tr><tr><td>24<\/td><td>Kamil<\/td><td>Czarnocki<\/td><td>23:03<\/td><\/tr><tr><td>25<\/td><td>Pawe\u0142<\/td><td>Kondela<\/td><td>23:09<\/td><\/tr><tr><td>26<\/td><td>Maciej<\/td><td>Leszczy\u0144ski<\/td><td>23:43<\/td><\/tr><tr><td>27<\/td><td>Robert<\/td><td>Chojnicki<\/td><td>23:57<\/td><\/tr><tr><td>28<\/td><td>Micha\u0142<\/td><td>Kr\u00f3l<\/td><td>24:03<\/td><\/tr><tr><td>29<\/td><td>Adrian<\/td><td>K\u0142os<\/td><td>24:11<\/td><\/tr><tr><td>30<\/td><td>\u0141ukasz<\/td><td>Marchewka<\/td><td>24:17<\/td><\/tr><tr><td>31<\/td><td>S\u0142awomir<\/td><td>Pindral<\/td><td>24:26<\/td><\/tr><tr><td>32<\/td><td>Przemys\u0142aw<\/td><td>Wawrzycki<\/td><td>24:28<\/td><\/tr><tr><td>33<\/td><td>Marcin<\/td><td>Hawrylak<\/td><td>24:32<\/td><\/tr><tr><td>34<\/td><td>Micha\u0142<\/td><td>Nowak<\/td><td>24:46<\/td><\/tr><tr><td>35<\/td><td>Damian<\/td><td>Dzia\u0142dowski<\/td><td>25:06<\/td><\/tr><tr><td>36<\/td><td>Przemek<\/td><td>Zakrzewski<\/td><td>25:07<\/td><\/tr><tr><td>37<\/td><td>Marek<\/td><td>Witkowski<\/td><td>25:09<\/td><\/tr><tr><td>38<\/td><td>Przemys\u0142aw<\/td><td>Sarbiewski<\/td><td>25:19<\/td><\/tr><tr><td>39<\/td><td>Zbigniew<\/td><td>\u0141uczak<\/td><td>25:49<\/td><\/tr><tr><td>40<\/td><td>Vladyslav<\/td><td>Prahin<\/td><td>26:48<\/td><\/tr><tr><td>41<\/td><td>Piotr<\/td><td>Piszcz<\/td><td>27:39<\/td><\/tr><tr><td>42<\/td><td>Krzysztof<\/td><td>Sowa<\/td><td>27:42<\/td><\/tr><tr><td>43<\/td><td>Marek<\/td><td>Pelc<\/td><td>27:54<\/td><\/tr><tr><td>44<\/td><td>Dariusz<\/td><td>G\u00f3rniak<\/td><td>28:04<\/td><\/tr><tr><td>45<\/td><td>Mariusz<\/td><td>Tomaszewski<\/td><td>28:08<\/td><\/tr><tr><td>46<\/td><td>Krzysztof<\/td><td>Pa\u0142amar<\/td><td>29:32<\/td><\/tr><tr><td>47<\/td><td>Rafa\u0142<\/td><td>Krukowski<\/td><td>29:55<\/td><\/tr><tr><td>48<\/td><td>Cezary<\/td><td>Sowisz<\/td><td>29:55<\/td><\/tr><tr><td>49<\/td><td>Valerii<\/td><td>Boiko<\/td><td>30:59<\/td><\/tr><tr><td>50<\/td><td>Ernest<\/td><td>Smo\u0142owik<\/td><td>31:06<\/td><\/tr><tr><td>51<\/td><td>Marcel<\/td><td>Pilarski<\/td><td>32:50<\/td><\/tr><tr><td>52<\/td><td>Tomasz<\/td><td>Marmura<\/td><td>33:54<\/td><\/tr><tr><td>53<\/td><td>Pawe\u0142<\/td><td>Zaj\u0105c<\/td><td>35:34<\/td><\/tr><tr><td>54<\/td><td>Sebastian<\/td><td>Pilarski<\/td><td>38:56<\/td><\/tr><tr><td>55<\/td><td>Andrzej<\/td><td>Stachowski<\/td><td>39:06<\/td><\/tr><tr><td>56<\/td><td>Pawe\u0142<\/td><td>Pilarski<\/td><td>39:40<\/td><\/tr><tr><td>57<\/td><td>Jacek<\/td><td>Bednarz<\/td><td>42:26<\/td><\/tr><tr><td>58<\/td><td>Mariusz<\/td><td>P\u0142\u00f3ska<\/td><td>42:26<\/td><\/tr><\/tbody><\/table><\/figure>\n\n\n\n<h3 class=\"wp-block-heading\">Kobiety<\/h3>\n\n\n\n<figure class=\"wp-block-table\"><table><tbody><tr><td>Miejsce<\/td><td>Imi\u0119<\/td><td>Nazwisko<\/td><td>Czas<\/td><\/tr><tr><td>1<\/td><td>Oliwia<\/td><td>Pomorska<\/td><td>22:30<\/td><\/tr><tr><td>2<\/td><td>Karolina<\/td><td>Jarmu\u0142owicz<\/td><td>23:43<\/td><\/tr><tr><td>3<\/td><td>Klaudia<\/td><td>Wo\u0142czak<\/td><td>24:38<\/td><\/tr><tr><td>4<\/td><td>Alina<\/td><td>Pochylska<\/td><td>25:06<\/td><\/tr><tr><td>5<\/td><td>Adrianna<\/td><td>Sowisz<\/td><td>26:37<\/td><\/tr><tr><td>6<\/td><td>Iga<\/td><td>Iwanicka<\/td><td>26:47<\/td><\/tr><tr><td>7<\/td><td>Joanna<\/td><td>Puchnierska<\/td><td>27:30<\/td><\/tr><tr><td>8<\/td><td>Monika<\/td><td>Misztalska<\/td><td>27:30<\/td><\/tr><tr><td>9<\/td><td>Dorota<\/td><td>Orlikowska<\/td><td>27:40<\/td><\/tr><tr><td>10<\/td><td>Monika<\/td><td>Uszpolewicz<\/td><td>27:54<\/td><\/tr><tr><td>11<\/td><td>Julia<\/td><td>Kucharska<\/td><td>28:18<\/td><\/tr><tr><td>12<\/td><td>Katarzyna<\/td><td>Zalewska<\/td><td>29:19<\/td><\/tr><tr><td>13<\/td><td>Ewelina<\/td><td>Natalczyk<\/td><td>29:32<\/td><\/tr><tr><td>14<\/td><td>Danuta<\/td><td>Sowisz<\/td><td>30:04<\/td><\/tr><tr><td>15<\/td><td>Sylwia<\/td><td>Stachowicz-Hawrylak<\/td><td>31:26<\/td><\/tr><tr><td>16<\/td><td>Adrianna<\/td><td>Naumowicz<\/td><td>32:03<\/td><\/tr><tr><td>17<\/td><td>Ewelina<\/td><td>Pieczatowska<\/td><td>32:04<\/td><\/tr><tr><td>18<\/td><td>Kamila<\/td><td>Le\u015bniewska<\/td><td>32:42<\/td><\/tr><tr><td>19<\/td><td>Patrycja<\/td><td>Sprycha<\/td><td>35:21<\/td><\/tr><tr><td>20<\/td><td>Dominika<\/td><td>Pawelczyk<\/td><td>35:33<\/td><\/tr><tr><td>21<\/td><td>Anastasiia<\/td><td>Pechorina<\/td><td>37:34<\/td><\/tr><tr><td>22<\/td><td>Krystyna<\/td><td>Sota<\/td><td>38:57<\/td><\/tr><tr><td>23<\/td><td>Edyta<\/td><td>Modelska<\/td><td>39:07<\/td><\/tr><tr><td>24<\/td><td>Ma\u0142gorzata<\/td><td>Liczbi\u0144ska-Hanke<\/td><td>39:08<\/td><\/tr><tr><td>25<\/td><td>Aleksandra<\/td><td>Pilarska<\/td><td>39:47<\/td><\/tr><tr><td>26<\/td><td>Renata<\/td><td>Ha\u0142as<\/td><td>39:44<\/td><\/tr><tr><td>27<\/td><td>Edyta<\/td><td>Matuszewska<\/td><td>42:26<\/td><\/tr><tr><td>28<\/td><td>Agnieszka<\/td><td>Borus<\/td><td>42:26<\/td><\/tr><\/tbody><\/table><\/figure>\n","protected":false},"excerpt":{"rendered":"<p>M\u0119\u017cczy\u017ani Miejsce Imi\u0119 Nazwisko Czas 1 Mieszko Szyczma\u0144ski 18:33 2 Karol G\u00f3reczny 18:46 3 Artur Zygo\u0144 19:04 4 Przemys\u0142aw Tirtz 19:13 5 Adrian Waszak 20:37 6 Mariusz Lipi\u0144ski 20:55 7 Krzysztof Prociak 20:57 8 Jaros\u0142aw Majka 21:17 9 Rafa\u0142 Tomaszewski 21:18 10 Marcin Krze\u015bniowski 21:30 11 Tomasz Saran 21:31 12 Micha\u0142 Drozd 21:32 13 Rados\u0142aw [&hellip;]<\/p>\n","protected":false},"author":1,"featured_media":0,"parent":3374,"menu_order":0,"comment_status":"closed","ping_status":"closed","template":"","meta":{"footnotes":""},"class_list":["post-3392","page","type-page","status-publish","hentry"],"_links":{"self":[{"href":"https:\/\/kbdzik.pl\/index.php?rest_route=\/wp\/v2\/pages\/3392","targetHints":{"allow":["GET"]}}],"collection":[{"href":"https:\/\/kbdzik.pl\/index.php?rest_route=\/wp\/v2\/pages"}],"about":[{"href":"https:\/\/kbdzik.pl\/index.php?rest_route=\/wp\/v2\/types\/page"}],"author":[{"embeddable":true,"href":"https:\/\/kbdzik.pl\/index.php?rest_route=\/wp\/v2\/users\/1"}],"replies":[{"embeddable":true,"href":"https:\/\/kbdzik.pl\/index.php?rest_route=%2Fwp%2Fv2%2Fcomments&post=3392"}],"version-history":[{"count":3,"href":"https:\/\/kbdzik.pl\/index.php?rest_route=\/wp\/v2\/pages\/3392\/revisions"}],"predecessor-version":[{"id":3438,"href":"https:\/\/kbdzik.pl\/index.php?rest_route=\/wp\/v2\/pages\/3392\/revisions\/3438"}],"up":[{"embeddable":true,"href":"https:\/\/kbdzik.pl\/index.php?rest_route=\/wp\/v2\/pages\/3374"}],"wp:attachment":[{"href":"https:\/\/kbdzik.pl\/index.php?rest_route=%2Fwp%2Fv2%2Fmedia&parent=3392"}],"curies":[{"name":"wp","href":"https:\/\/api.w.org\/{rel}","templated":true}]}}